{"id":2679,"date":"2017-10-29T08:38:52","date_gmt":"2017-10-29T08:38:52","guid":{"rendered":"http:\/\/gdh3.lu\/onon\/?page_id=2679"},"modified":"2017-10-29T08:38:52","modified_gmt":"2017-10-29T08:38:52","slug":"run-1521","status":"publish","type":"page","link":"http:\/\/gdh3.lu\/onon\/run-1521\/","title":{"rendered":"Run-1521"},"content":{"rendered":"<h1 style=\"text-align: center;\"><span style=\"color: #000080;\"><strong>29<span style=\"color: #000080;\">\/10\/2017 &#8211; Run 1521: First Taste&#8217;s Run from Biirgerkr\u00e4iz \/ Bamb\u00ebsch<br \/>\n<\/span><\/strong><\/span><\/h1>\n<p><strong><img loading=\"lazy\" decoding=\"async\" class=\"aligncenter size-large wp-image-469\" src=\"http:\/\/gdh3.lu\/onon\/wp-content\/uploads\/2013\/12\/first_taste_1-1024x969.jpg\" alt=\"first_taste_1\" width=\"584\" height=\"552\" srcset=\"http:\/\/gdh3.lu\/onon\/wp-content\/uploads\/2013\/12\/first_taste_1-1024x969.jpg 1024w, http:\/\/gdh3.lu\/onon\/wp-content\/uploads\/2013\/12\/first_taste_1-300x284.jpg 300w, http:\/\/gdh3.lu\/onon\/wp-content\/uploads\/2013\/12\/first_taste_1-316x300.jpg 316w, http:\/\/gdh3.lu\/onon\/wp-content\/uploads\/2013\/12\/first_taste_1.jpg 1659w\" sizes=\"auto, (max-width: 584px) 100vw, 584px\" \/><\/strong><strong>BY<br \/>\n<\/strong>First Taste<\/p>\n<p><strong>START<br \/>\n<\/strong>Biergerkr\u00e4iz, Bamb\u00ebsch<\/p>\n<p style=\"text-align: left;\"><strong>ON IN<br \/>\n<\/strong>TBA<\/p>\n<p style=\"text-align: left;\"><strong>MAP<br \/>\n<\/strong><\/p>\n<p><iframe loading=\"lazy\" style=\"border: 0;\" src=\"https:\/\/www.google.com\/maps\/embed?pb=!1m18!1m12!1m3!1d3828.6882680268304!2d6.097961184734891!3d49.64622243831956!2m3!1f0!2f0!3f0!3m2!1i1024!2i768!4f13.1!3m3!1m2!1s0x0%3A0x0!2zNDnCsDM4JzQ2LjQiTiA2wrAwNicwMC41IkU!5e1!3m2!1sen!2slu!4v1509266291880\" width=\"1000\" height=\"650\" frameborder=\"0\" allowfullscreen=\"allowfullscreen\"><\/iframe><\/p>\n","protected":false},"excerpt":{"rendered":"<p>29\/10\/2017 &#8211; Run 1521: First Taste&#8217;s Run from Biirgerkr\u00e4iz \/ Bamb\u00ebsch BY First Taste START Biergerkr\u00e4iz, Bamb\u00ebsch ON IN TBA MAP<\/p>\n","protected":false},"author":1,"featured_media":0,"parent":0,"menu_order":0,"comment_status":"closed","ping_status":"closed","template":"showcase.php","meta":{"footnotes":""},"class_list":["post-2679","page","type-page","status-publish","hentry"],"_links":{"self":[{"href":"http:\/\/gdh3.lu\/onon\/wp-json\/wp\/v2\/pages\/2679","targetHints":{"allow":["GET"]}}],"collection":[{"href":"http:\/\/gdh3.lu\/onon\/wp-json\/wp\/v2\/pages"}],"about":[{"href":"http:\/\/gdh3.lu\/onon\/wp-json\/wp\/v2\/types\/page"}],"author":[{"embeddable":true,"href":"http:\/\/gdh3.lu\/onon\/wp-json\/wp\/v2\/users\/1"}],"replies":[{"embeddable":true,"href":"http:\/\/gdh3.lu\/onon\/wp-json\/wp\/v2\/comments?post=2679"}],"version-history":[{"count":1,"href":"http:\/\/gdh3.lu\/onon\/wp-json\/wp\/v2\/pages\/2679\/revisions"}],"predecessor-version":[{"id":2680,"href":"http:\/\/gdh3.lu\/onon\/wp-json\/wp\/v2\/pages\/2679\/revisions\/2680"}],"wp:attachment":[{"href":"http:\/\/gdh3.lu\/onon\/wp-json\/wp\/v2\/media?parent=2679"}],"curies":[{"name":"wp","href":"https:\/\/api.w.org\/{rel}","templated":true}]}}