{"id":3668,"date":"2020-09-05T22:29:59","date_gmt":"2020-09-05T22:29:59","guid":{"rendered":"http:\/\/gdh3.lu\/onon\/?page_id=3668"},"modified":"2020-09-05T22:31:59","modified_gmt":"2020-09-05T22:31:59","slug":"run-1677","status":"publish","type":"page","link":"http:\/\/gdh3.lu\/onon\/run-1677\/","title":{"rendered":"Run-1677"},"content":{"rendered":"<h1 style=\"text-align: center;\"><span style=\"color: #000000;\"><strong>07\/09\/2020 &#8211; Run 1677: The 5th Beetle&#8217;s Run from\u00a0Bridel (rue Biergerkr\u00e4iz)<\/strong><\/span><\/h1>\n<p><a href=\"http:\/\/gdh3.lu\/onon\/wp-content\/uploads\/2016\/10\/mariette_2.jpg\"><img loading=\"lazy\" decoding=\"async\" class=\"aligncenter size-full wp-image-2224\" src=\"http:\/\/gdh3.lu\/onon\/wp-content\/uploads\/2016\/10\/mariette_2.jpg\" alt=\"mariette_2\" width=\"720\" height=\"540\" srcset=\"http:\/\/gdh3.lu\/onon\/wp-content\/uploads\/2016\/10\/mariette_2.jpg 720w, http:\/\/gdh3.lu\/onon\/wp-content\/uploads\/2016\/10\/mariette_2-300x225.jpg 300w, http:\/\/gdh3.lu\/onon\/wp-content\/uploads\/2016\/10\/mariette_2-400x300.jpg 400w\" sizes=\"auto, (max-width: 720px) 100vw, 720px\" \/><\/a><\/p>\n<p><strong>BY<br \/>\n<\/strong>The 5th Beetle<\/p>\n<p><strong>START<br \/>\n<\/strong>Bridel, rue Biergerkr\u00e4iz @parking behind the patisserie, between rue de Luxembourg and rue Biergerkr\u00e4iz<\/p>\n<p><strong style=\"color: #ff0000;\">Monday Runs start at: 19.00-ish!!!! COVID-19 Restrictions apply!!!<\/strong><\/p>\n<p style=\"text-align: left;\"><strong>ON IN<br \/>\n<\/strong>Restaurant Siewebueren, Rollengergrund.<\/p>\n<p><strong>MAP<\/strong><\/p>\n<p><iframe loading=\"lazy\" style=\"border: 0;\" tabindex=\"0\" src=\"https:\/\/www.google.com\/maps\/embed?pb=!1m18!1m12!1m3!1d893.8488921293376!2d6.082657829273757!3d49.65120086699445!2m3!1f0!2f0!3f0!3m2!1i1024!2i768!4f13.1!3m3!1m2!1s0x0%3A0x0!2zNDnCsDM5JzA0LjMiTiA2wrAwNCc1OS41IkU!5e1!3m2!1sen!2slu!4v1599344950242!5m2!1sen!2slu\" width=\"1000\" height=\"650\" frameborder=\"0\" allowfullscreen=\"allowfullscreen\" aria-hidden=\"false\"><\/iframe><\/p>\n","protected":false},"excerpt":{"rendered":"<p>07\/09\/2020 &#8211; Run 1677: The 5th Beetle&#8217;s Run from\u00a0Bridel (rue Biergerkr\u00e4iz) BY The 5th Beetle START Bridel, rue Biergerkr\u00e4iz @parking behind the patisserie, between rue de Luxembourg and rue Biergerkr\u00e4iz Monday Runs start at: 19.00-ish!!!! COVID-19 Restrictions apply!!! ON IN &hellip; <a href=\"http:\/\/gdh3.lu\/onon\/run-1677\/\">Continue reading <span class=\"meta-nav\">&rarr;<\/span><\/a><\/p>\n","protected":false},"author":1,"featured_media":0,"parent":0,"menu_order":0,"comment_status":"closed","ping_status":"closed","template":"showcase.php","meta":{"footnotes":""},"class_list":["post-3668","page","type-page","status-publish","hentry"],"_links":{"self":[{"href":"http:\/\/gdh3.lu\/onon\/wp-json\/wp\/v2\/pages\/3668","targetHints":{"allow":["GET"]}}],"collection":[{"href":"http:\/\/gdh3.lu\/onon\/wp-json\/wp\/v2\/pages"}],"about":[{"href":"http:\/\/gdh3.lu\/onon\/wp-json\/wp\/v2\/types\/page"}],"author":[{"embeddable":true,"href":"http:\/\/gdh3.lu\/onon\/wp-json\/wp\/v2\/users\/1"}],"replies":[{"embeddable":true,"href":"http:\/\/gdh3.lu\/onon\/wp-json\/wp\/v2\/comments?post=3668"}],"version-history":[{"count":3,"href":"http:\/\/gdh3.lu\/onon\/wp-json\/wp\/v2\/pages\/3668\/revisions"}],"predecessor-version":[{"id":3671,"href":"http:\/\/gdh3.lu\/onon\/wp-json\/wp\/v2\/pages\/3668\/revisions\/3671"}],"wp:attachment":[{"href":"http:\/\/gdh3.lu\/onon\/wp-json\/wp\/v2\/media?parent=3668"}],"curies":[{"name":"wp","href":"https:\/\/api.w.org\/{rel}","templated":true}]}}